










 




{"id":1249,"date":"2026-04-15T12:33:47","date_gmt":"2026-04-15T10:33:47","guid":{"rendered":"https:\/\/dessa.online\/?page_id=1249"},"modified":"2026-04-15T12:33:48","modified_gmt":"2026-04-15T10:33:48","slug":"politique-de-confidentialite-2","status":"publish","type":"page","link":"https:\/\/dessa.online\/index.php\/politique-de-confidentialite-2\/","title":{"rendered":"Politique de confidentialit\u00e9"},"content":{"rendered":"\n<p><strong>POLITIQUE DE CONFIDENTIALIT\u00c9<\/strong><\/p>\n\n\n\n<p><strong>Derni\u00e8re mise \u00e0 jour : <\/strong>15\/04\/2026<\/p>\n\n\n\n<ol class=\"wp-block-list\">\n<li><strong>Pr\u00e9ambule<\/strong><\/li>\n<\/ol>\n\n\n\n<p>Le Site est \u00e9dit\u00e9 et exploit\u00e9 par TANG-PO Melinda&nbsp; entrepreneur individuel, domicili\u00e9 au 9 All\u00e9e d\u2019Anjou 93330 Neuilly sur Marne et ayant pour num\u00e9ro SIRET 95288736200012.&nbsp;<\/p>\n\n\n\n<p>Cette pr\u00e9sente Politique de confidentialit\u00e9 est conforme aux dispositions l\u00e9gales suivantes :&nbsp;<\/p>\n\n\n\n<ul class=\"wp-block-list\">\n<li>La loi n\u00b0 78-17 du 6 janvier 1978 relative \u00e0 l&rsquo;informatique, aux fichiers et aux libert\u00e9s, telle que modifi\u00e9e par la loi n\u00b0 2018-493 du 20 juin 2018,<\/li>\n\n\n\n<li>La loi n\u00b0 2004-575 du 21 juin 2004 pour la confiance dans l\u2019\u00e9conomie num\u00e9rique (LCEN),<\/li>\n\n\n\n<li>Le R\u00e8glement (UE) 2016\/679 du 27 avril 2016 relatif \u00e0 la protection des personnes physiques \u00e0 l&rsquo;\u00e9gard du traitement des donn\u00e9es \u00e0 caract\u00e8re personnel et \u00e0 la libre circulation de ces donn\u00e9es (RGPD).<\/li>\n<\/ul>\n\n\n\n<p>Dans le cadre de son activit\u00e9, D\u0113ssa est amen\u00e9 \u00e0 traiter et collecter les donn\u00e9es \u00e0 caract\u00e8re personnel des Utilisateurs qui ont une quelconque interaction avec les dispositifs pr\u00e9sents sur le Site ainsi que les services propos\u00e9s.<\/p>\n\n\n\n<p>Le but de la Politique de confidentialit\u00e9 est d\u2019informer cet Utilisateur, propri\u00e9taire des Donn\u00e9es personnelles, des modalit\u00e9s et finalit\u00e9s de collecte et traitement ainsi que des diff\u00e9rents droits dont il dispose. Ce document peut \u00eatre modifi\u00e9 par D\u0113ssa pour toujours suivre l\u2019\u00e9volution de la loi et de ses pratiques. Lorsque cela sera n\u00e9cessaire, l&rsquo;Utilisateur sera inform\u00e9 de l\u2019impact que cela a sur le traitement de ses Donn\u00e9es personnelles.<\/p>\n\n\n\n<ol start=\"2\" class=\"wp-block-list\">\n<li><strong>D\u00e9finitions<\/strong><\/li>\n<\/ol>\n\n\n\n<p>\u201cD\u0113ssa \u201d est le terme d\u00e9signant le Responsable de traitement, aussi \u00c9diteur du pr\u00e9sent Site.<\/p>\n\n\n\n<p>Le \u201cClient\u201d d\u00e9signe le professionnel ou le particulier ayant contract\u00e9 avec D\u0113ssa par le biais de la signature d\u2019un contrat, d\u2019un achat, etc.<\/p>\n\n\n\n<p>Un \u201cCookie\u201d d\u00e9signe un petit fichier servant de traceur d\u00e9pos\u00e9 sur le terminal de l\u2019Utilisateur permettant d\u2019enregistrer des informations relatives \u00e0 sa consultation et sa navigation sur le Site.<\/p>\n\n\n\n<p>Les \u201cDonn\u00e9es personnelles\u201d d\u00e9signent les donn\u00e9es \u00e0 caract\u00e8re personnel, au sens du RGPD, qui sont celles permettant d\u2019identifier une personne de mani\u00e8re directe ou indirecte.&nbsp;<\/p>\n\n\n\n<p>La \u201cPolitique de confidentialit\u00e9\u201d est ce pr\u00e9sent document.<\/p>\n\n\n\n<p>Le \u201cResponsable de traitement\u201d est en charge de d\u00e9terminer les finalit\u00e9s et les moyens du traitement des Donn\u00e9es personnelles.<\/p>\n\n\n\n<p>Le \u201cRGPD\u201d d\u00e9signe le R\u00e8glement (UE) 2016\/679 du 27 avril 2016 relatif \u00e0 la protection des personnes physiques \u00e0 l&rsquo;\u00e9gard du traitement des donn\u00e9es \u00e0 caract\u00e8re personnel et \u00e0 la libre circulation de ces donn\u00e9es.<\/p>\n\n\n\n<p>Le \u201cSite\u201d d\u00e9signe le site internet accessible \u00e0 tout moment via www.dessa.online<\/p>\n\n\n\n<p>L\u2019 \u201cUtilisateur\u201d d\u00e9signe toute personne naviguant sur le Site et consentant \u00e0 transmettre ses Donn\u00e9es personnelles dans le cadre d\u00e9fini par cette pr\u00e9sente politique de confidentialit\u00e9. L\u2019Utilisateur peut \u00eatre un Client, l\u2019inverse n\u2019est pas forc\u00e9ment vrai.<\/p>\n\n\n\n<ol start=\"3\" class=\"wp-block-list\">\n<li><strong>Responsable de traitement<\/strong><\/li>\n<\/ol>\n\n\n\n<p>TANG-PO Melinda est la Responsable de traitement des Donn\u00e9es personnelles collect\u00e9es sur son Site. Elle s\u2019engage \u00e0 en faire un usage proportionn\u00e9 et \u00e0 d\u00e9tenir un registre des activit\u00e9s de traitement simplifi\u00e9, conform\u00e9ment aux dispositions du RGPD.<\/p>\n\n\n\n<p>Elle met en \u0153uvre tous les moyens n\u00e9cessaires pour s\u00e9curiser le traitement et la conservation des Donn\u00e9es personnelles collect\u00e9es en utilisant des mesures techniques et organisationnelles appropri\u00e9es. En cas de risque av\u00e9r\u00e9 de violation des Donn\u00e9es personnelles de l\u2019Utilisateur, D\u0113ssa collabora avec la CNIL, et informera, si n\u00e9cessaire, le propri\u00e9taire des Donn\u00e9es personnelles de tous les processus mis en place pour \u00e9tablir une solution.<\/p>\n\n\n\n<ol start=\"4\" class=\"wp-block-list\">\n<li><strong>Donn\u00e9es collect\u00e9es<\/strong><\/li>\n<\/ol>\n\n\n\n<p>La collecte de Donn\u00e9es personnelles est effectu\u00e9e de mani\u00e8re licite et transparente au regard des personnes concern\u00e9es et conform\u00e9ment aux dispositions du RGPD. Dans le cadre de son activit\u00e9 et de l\u2019utilisation du Site, D\u0113ssa est dans l\u2019obligation de collecter certaines Donn\u00e9es personnelles afin de pouvoir fournir des informations personnalis\u00e9es et des r\u00e9ponses ad\u00e9quates \u00e0 ceux qui le demandent, assurer ses services, etc.<\/p>\n\n\n\n<p>Sur ce pr\u00e9sent Site, sont collect\u00e9es les Donn\u00e9es personnelles suivantes&nbsp;:<\/p>\n\n\n\n<ul class=\"wp-block-list\">\n<li>Contacter le magasin : nom, pr\u00e9nom, adresse email, objet de la demande, message<\/li>\n\n\n\n<li>Prestation personnelle : nom, pr\u00e9nom, adresse email, adresse, objet de la demande, message<\/li>\n\n\n\n<li>Cr\u00e9ation de compte : nom, pr\u00e9nom, adresse, adresse mail, t\u00e9l\u00e9phone.<\/li>\n\n\n\n<li>Commande\/prestation personnalis\u00e9<\/li>\n<\/ul>\n\n\n\n<ol start=\"5\" class=\"wp-block-list\">\n<li><strong>Finalit\u00e9 du traitement et bases l\u00e9gales<\/strong><\/li>\n<\/ol>\n\n\n\n<p>La collecte et le traitement des Donn\u00e9es personnelles r\u00e9pondent aux bases l\u00e9gales du RGPD. En l\u2019occurrence, celles du consentement de l\u2019Utilisateur, de l\u2019obligation l\u00e9gale de D\u0113ssa et de l&rsquo;ex\u00e9cution d\u2019un contrat.<\/p>\n\n\n\n<p>Afin de b\u00e9n\u00e9ficier de la plupart des services du Site ou de D\u0113ssa, l\u2019Utilisateur consent \u00e0 partager ses Donn\u00e9es personnelles&nbsp;:<\/p>\n\n\n\n<ul class=\"wp-block-list\">\n<li>Cr\u00e9er un espace client sur le Site<\/li>\n\n\n\n<li>Remplir le formulaire de contact afin d\u2019obtenir une r\u00e9ponse \u00e0 sa demande<\/li>\n\n\n\n<li>Commander le produit mis en ligne sur le Site via l\u2019espace client<\/li>\n\n\n\n<li>Poster un commentaire sur le Site<\/li>\n\n\n\n<li>Demander un devis pour une prestation propos\u00e9e par D\u0113ssa<\/li>\n\n\n\n<li>Commande et livraison d\u2019un produit personnalis\u00e9<\/li>\n\n\n\n<li>Commande et livraison d\u2019un produit<\/li>\n<\/ul>\n\n\n\n<p>Si la relation s\u2019officialise entre l\u2019Utilisateur et D\u0113ssa, ce premier devient alors Client. Les Donn\u00e9es personnelles collect\u00e9es deviennent alors utiles \u00e0 toute fin d\u2019\u00e9tablissement de devis, contrat, facture\u2026 D\u0113ssa r\u00e9pond \u00e0 ses obligations l\u00e9gales et contractuelles.<\/p>\n\n\n\n<ol start=\"6\" class=\"wp-block-list\">\n<li><strong>Conservation des Donn\u00e9es<\/strong><\/li>\n<\/ol>\n\n\n\n<p>La conservation des Donn\u00e9es personnelles collect\u00e9es est limit\u00e9e pour une dur\u00e9e de :<\/p>\n\n\n\n<ul class=\"wp-block-list\">\n<li><strong>1 an<\/strong> suite \u00e0 la livraison d\u2019une prestation\/du produit<\/li>\n\n\n\n<li><strong>3 mois<\/strong> apr\u00e8s la suppression du compte client de l\u2019Utilisateur sur le Site,<\/li>\n\n\n\n<li><strong>1 mois<\/strong> suite \u00e0 l\u2019envoi d\u2019un devis non retourn\u00e9 sign\u00e9<\/li>\n<\/ul>\n\n\n\n<p>Au-del\u00e0 des d\u00e9lais cit\u00e9s ci-dessus, certaines dur\u00e9es de conservation respectent des d\u00e9lais l\u00e9gaux, comme ceux existant pour les factures (6 \u00e0 10 ans) ou encore les cookies d\u00e9pos\u00e9s sur le terminal de l\u2019Utilisateur (13 mois).<\/p>\n\n\n\n<ol start=\"7\" class=\"wp-block-list\">\n<li><strong>Destinataire des Donn\u00e9es et sous-traitants<\/strong><\/li>\n<\/ol>\n\n\n\n<p>Le Responsable de traitement, soit D\u0113ssa, est le destinataire des Donn\u00e9es personnelles.<\/p>\n\n\n\n<p>Pour d\u00e9velopper son activit\u00e9, le Responsable de traitement a recours \u00e0 diff\u00e9rents services de sous-traitance :<\/p>\n\n\n\n<p><strong>\u25bc au choix et \u00e0 adapter selon vos proc\u00e9d\u00e9s<\/strong><\/p>\n\n\n\n<ul class=\"wp-block-list\">\n<li>Woopayments pour les paiements en ligne,<\/li>\n<\/ul>\n\n\n\n<p>Ces diff\u00e9rents outils disposent chacun de leur politique de confidentialit\u00e9 que l\u2019Utilisateur est invit\u00e9 \u00e0 consulter. Certains h\u00e9bergements de ces plateformes ne sont pas dans l\u2019Union europ\u00e9enne et induisent un transfert de donn\u00e9es en dehors de celle-ci. D\u0113ssa veille alors \u00e0 ce que des moyens de traitement et de protection similaires aux r\u00e9glementations du RGPD soient mis en place par ces plateformes.<\/p>\n\n\n\n<p>D\u0113ssa n\u2019a pas acc\u00e8s aux coordonn\u00e9es bancaires du Client.<\/p>\n\n\n\n<ol start=\"8\" class=\"wp-block-list\">\n<li><strong>Droits des utilisateurs<\/strong><\/li>\n<\/ol>\n\n\n\n<p>\u00c0 tout moment, l\u2019Utilisateur peut disposer des droits suivants concernant le traitement de ses Donn\u00e9es personnelles :&nbsp;<\/p>\n\n\n\n<ul class=\"wp-block-list\">\n<li>Le droit d\u2019acc\u00e8s, qui lui permet de conna\u00eetre les Donn\u00e9es personnelles d\u00e9tenues par D\u0113ssa et d\u2019obtenir la copie des Donn\u00e9es conserv\u00e9es,<\/li>\n\n\n\n<li>Le droit de rectification, qui lui permet d\u2019obtenir la modification ou la correction des Donn\u00e9es personnelles le concernant,&nbsp;<\/li>\n\n\n\n<li>Le droit \u00e0 l\u2019oubli (effacement) lui permettant d\u2019obtenir la suppression des Donn\u00e9es personnelles d\u00e9tenues par D\u0113ssa,<\/li>\n\n\n\n<li>Le droit de portabilit\u00e9 \u00e0 destination d\u2019autres prestataires de services,<\/li>\n\n\n\n<li>Le droit \u00e0 l\u2019opposition dans les cas de prospection, notamment commerciale,<\/li>\n\n\n\n<li>Le droit de retirer son consentement pour le traitement de ses Donn\u00e9es personnelles, le traitement effectu\u00e9 auparavant restant licite.<\/li>\n<\/ul>\n\n\n\n<p>L\u2019exercice de tous ces droits peut \u00eatre fait par email \u00e0 l\u2019adresse suivante&nbsp;: contact.deessa@gmail.com. L\u2019Utilisateur doit formuler une demande \u00e9crite et explicite. D\u0113ssa s\u2019engage \u00e0 la traiter dans un d\u00e9lai de 1 MOIS.<\/p>\n\n\n\n<p>L\u2019Utilisateur peut introduire une r\u00e9clamation aupr\u00e8s de la CNIL (Commission Nationale de l\u2019Informatique et des Libert\u00e9s \u2014 <a href=\"https:\/\/www.cnil.fr\/\">https:\/\/www.cnil.fr\/<\/a>) s\u2019il estime que ses Donn\u00e9es personnelles ont \u00e9t\u00e9 viol\u00e9es par D\u0113ssa. Cette r\u00e9clamation doit \u00eatre motiv\u00e9e, d\u00e9taill\u00e9e et intervenir d\u00e8s qu\u2019il a eu connaissance d\u2019un tel \u00e9v\u00e9nement.<\/p>\n\n\n\n<p>Il est rappel\u00e9 ici que le Client consommateur peut s\u2019opposer aux pratiques de d\u00e9marchage t\u00e9l\u00e9phonique de mani\u00e8re gratuite sur la liste pr\u00e9sente sur le site <a href=\"https:\/\/www.bloctel.gouv.fr\/\">https:\/\/www.bloctel.gouv.fr<\/a>.<\/p>\n\n\n\n<ol start=\"9\" class=\"wp-block-list\">\n<li><strong>Espace commentaire<\/strong><\/li>\n<\/ol>\n\n\n\n<p>Il est possible pour tout Utilisateur de publier un commentaire sous les articles de blog du Site. Pour cela, il doit indiquer diff\u00e9rentes Donn\u00e9es personnelles&nbsp;: nom, pr\u00e9nom. L\u2019Utilisateur est enti\u00e8rement responsable des propos qu\u2019il \u00e9crit.<\/p>\n\n\n\n<p>Les Donn\u00e9es personnelles cit\u00e9es peuvent \u00eatre enregistr\u00e9es par d\u00e9faut sur le terminal de l\u2019Utilisateur, \u00e0 l\u2019aide de Cookies, afin de lui \u00e9viter de les indiquer \u00e0 chaque fois qu\u2019il souhaiterait commenter. Ces Cookies sont uniquement d\u00e9pos\u00e9s sur la base du consentement de l\u2019Utilisateur.<\/p>\n\n\n\n<p>D\u0113ssa a le droit de supprimer les commentaires qui seront irrespectueux, discriminatoires ou contraires aux r\u00e9glementations et lois en vigueur.<\/p>\n\n\n\n<ol start=\"10\" class=\"wp-block-list\">\n<li><strong>Cookies<\/strong><\/li>\n<\/ol>\n\n\n\n<p>La navigation de l\u2019Utilisateur sur le Site peut engendrer le d\u00e9p\u00f4t de Cookies sur son terminal informatique. Les Cookies permettent le traitement des statistiques et des informations sur le trafic du Site, facilitent la navigation et am\u00e9liorent le service du Site. Plusieurs types de Cookies sont \u00e0 distinguer. Il existe les Cookies n\u00e9cessaires au bon fonctionnement du Site et permettant son acc\u00e8s ainsi que les Cookies fonctionnels qui permettent de stocker les choix de personnalisation de la navigation de l\u2019Utilisateur. Le consentement de l\u2019Utilisateur n\u2019est pas demand\u00e9 pour ces premiers types de Cookies.<\/p>\n\n\n\n<p>D\u2019autres, ne sont pas essentiels au fonctionnement du Site et peuvent donc \u00eatre refus\u00e9s ou d\u00e9sactiv\u00e9s par l\u2019Utilisateur. Pour cela, un bandeau \u00e9voquant les Cookies appara\u00eet d\u00e8s l\u2019ouverture du Site et permet \u00e0 l\u2019Utilisateur de faire le choix des Cookies actifs lors de sa navigation. Ce sont les Cookies analytiques qui r\u00e9coltent des informations et permettent de mesurer l&rsquo;audience du Site \u00e0 l\u2019aide de statistiques, les Cookies publicitaires qui permettent l\u2019envoi de publicit\u00e9s personnalis\u00e9es, et les Cookies identifiant le trafic provenant des r\u00e9seaux sociaux (Instagram, Facebook, Twitter, Pinterest) et qui permettent de partager le contenu du Site sur les r\u00e9seaux. Tant que l\u2019Utilisateur n&rsquo;a pas donn\u00e9 son consentement au recueil des derniers types de Cookies \u00e9voqu\u00e9s, aucun de ces Cookies ne pourra \u00eatre d\u00e9pos\u00e9 sur son terminal.<\/p>\n\n\n\n<p>Dans tous les cas, l\u2019Utilisateur peut d\u00e9sactiver le d\u00e9p\u00f4t de Cookie non essentiels directement via les param\u00e8tres de son terminal de navigation. Tout dysfonctionnement du Site ou d\u2019un service du Site, suite \u00e0 ce choix, ne pourra engager la responsabilit\u00e9 de D\u0113ssa.<\/p>\n\n\n\n<p>Le Cookie est assimil\u00e9 \u00e0 une Donn\u00e9e personnelle et permet ainsi \u00e0 tout Utilisateur de b\u00e9n\u00e9ficier des droits dont il dispose, \u00e9voqu\u00e9s \u00e0 l\u2019article 8. Droits des utilisateurs.&nbsp;<\/p>\n\n\n\n<p>La dur\u00e9e de vie et les finalit\u00e9s des Cookies sont pr\u00e9sent\u00e9es au cas par cas par l\u2019extension (plug-in) ou l\u2019h\u00e9bergeur utilis\u00e9 par D\u0113ssa.<\/p>\n\n\n\n<p><strong>\u25bc Si vous avez acc\u00e8s \u00e0 des informations concernant les types de cookies et leurs finalit\u00e9s, vous pouvez remplir la liste ci-dessous&nbsp;:<\/strong><\/p>\n\n\n\n<p>Les Cookies suivants sont utilis\u00e9s suite \u00e0 la navigation sur le Site&nbsp;:<\/p>\n\n\n\n<figure class=\"wp-block-table\"><table class=\"has-fixed-layout\"><tbody><tr><td><strong>Nom du Cookie<\/strong><\/td><td><strong>Fonction du Cookie<\/strong><\/td><td><strong>Expiration suite \u00e0 la connexion de l\u2019Utilisation sur le Site<\/strong><\/td><\/tr><tr><td>cookieyes-consent (n\u00e9cessaire)<\/td><td>CookieYes place ce t\u00e9moin pour m\u00e9moriser les pr\u00e9f\u00e9rences des utilisateurs en mati\u00e8re de consentement afin que leurs pr\u00e9f\u00e9rences soient respect\u00e9es lors des visites ult\u00e9rieures de ce site. Il ne collecte ni ne stocke aucune information personnelle sur les visiteurs du site.<\/td><td>1 an<\/td><\/tr><tr><td><br>sbjs_migrations (analytique)<\/td><td>Sourcebuster utilise ce cookie pour identifier la source d&rsquo;une visite et stocker des informations sur les actions de l&rsquo;utilisateur. Ce cookie analytique et comportemental sert \u00e0 am\u00e9liorer l&rsquo;exp\u00e9rience des visiteurs sur le site web.<\/td><td>session<\/td><\/tr><\/tbody><\/table><\/figure>\n\n\n\n<p><em>Ce mod\u00e8le a \u00e9t\u00e9 r\u00e9dig\u00e9 par <\/em><a href=\"https:\/\/lajuriste20.fr\/\"><em>La Juriste 2.0.<\/em><\/a><\/p>\n","protected":false},"excerpt":{"rendered":"<p>POLITIQUE DE CONFIDENTIALIT\u00c9 Derni\u00e8re mise \u00e0 jour : 15\/04\/2026 Le Site est \u00e9dit\u00e9 et exploit\u00e9 par TANG-PO Melinda&nbsp; entrepreneur individuel, domicili\u00e9 au 9 All\u00e9e d\u2019Anjou 93330 Neuilly sur Marne et ayant pour num\u00e9ro SIRET 95288736200012.&nbsp; Cette pr\u00e9sente Politique de confidentialit\u00e9 est conforme aux dispositions l\u00e9gales suivantes :&nbsp; Dans le cadre de son activit\u00e9, D\u0113ssa est [&hellip;]<\/p>\n","protected":false},"author":1,"featured_media":0,"parent":0,"menu_order":0,"comment_status":"closed","ping_status":"closed","template":"","meta":{"_et_pb_use_builder":"off","_et_pb_old_content":"","_et_gb_content_width":"","footnotes":""},"class_list":["post-1249","page","type-page","status-publish","hentry"],"_links":{"self":[{"href":"https:\/\/dessa.online\/index.php\/wp-json\/wp\/v2\/pages\/1249","targetHints":{"allow":["GET"]}}],"collection":[{"href":"https:\/\/dessa.online\/index.php\/wp-json\/wp\/v2\/pages"}],"about":[{"href":"https:\/\/dessa.online\/index.php\/wp-json\/wp\/v2\/types\/page"}],"author":[{"embeddable":true,"href":"https:\/\/dessa.online\/index.php\/wp-json\/wp\/v2\/users\/1"}],"replies":[{"embeddable":true,"href":"https:\/\/dessa.online\/index.php\/wp-json\/wp\/v2\/comments?post=1249"}],"version-history":[{"count":6,"href":"https:\/\/dessa.online\/index.php\/wp-json\/wp\/v2\/pages\/1249\/revisions"}],"predecessor-version":[{"id":1257,"href":"https:\/\/dessa.online\/index.php\/wp-json\/wp\/v2\/pages\/1249\/revisions\/1257"}],"wp:attachment":[{"href":"https:\/\/dessa.online\/index.php\/wp-json\/wp\/v2\/media?parent=1249"}],"curies":[{"name":"wp","href":"https:\/\/api.w.org\/{rel}","templated":true}]}}