










 




{"id":1247,"date":"2026-04-15T11:39:07","date_gmt":"2026-04-15T09:39:07","guid":{"rendered":"https:\/\/dessa.online\/?page_id=1247"},"modified":"2026-04-15T15:26:18","modified_gmt":"2026-04-15T13:26:18","slug":"mentions-legales","status":"publish","type":"page","link":"https:\/\/dessa.online\/index.php\/mentions-legales\/","title":{"rendered":"Mentions l\u00e9gales"},"content":{"rendered":"\n<p><strong>MENTIONS L\u00c9GALES<\/strong><\/p>\n\n\n\n<p><strong>Derni\u00e8re mise \u00e0 jour : <\/strong>15\/04\/2026<\/p>\n\n\n\n<p><strong>Pr\u00e9ambule et d\u00e9finitions<\/strong><\/p>\n\n\n\n<p>Ces mentions l\u00e9gales sont port\u00e9es \u00e0 la connaissance de tout Utilisateur, conform\u00e9ment&nbsp; aux dispositions de la Loi n\u00b02004-575 du 21 juin 2004 pour la Confiance dans l\u2019\u00e9conomie num\u00e9rique (LCEN). Elles sont publi\u00e9es sur le site internet : www.dessa.online et sont accessibles \u00e0 tout moment lors de la navigation.<\/p>\n\n\n\n<p>Les \u201cCookies\u201d sont les fichiers num\u00e9riques d\u00e9pos\u00e9s temporairement sur le terminal informatique de l\u2019Utilisateur.<\/p>\n\n\n\n<p>Les \u201cDonn\u00e9es personnelles\u201d d\u00e9signent de mani\u00e8re g\u00e9n\u00e9rale les donn\u00e9es \u00e0 caract\u00e8re personnel, au sens de la loi, qui sont les informations permettant d\u2019identifier directement ou indirectement une personne physique.<\/p>\n\n\n\n<p>Le \u201cDirecteur de la publication\u201d est charg\u00e9 de la r\u00e9daction du contenu publi\u00e9.<\/p>\n\n\n\n<p>L\u2019 \u201c\u00c9diteur\u201d d\u00e9cide de la mise en page du contenu du Site et en est responsable.<\/p>\n\n\n\n<p>L\u2019 \u201cH\u00e9bergeur\u201d est responsable de la plateforme qui stocke le Site.<\/p>\n\n\n\n<p>Le \u201cSite\u201d d\u00e9signe l\u2019ensemble des pages et du contenu accessible depuis www.dessa.online.<\/p>\n\n\n\n<p>L\u2019 \u201cUtilisateur\u201d est la personne physique ou morale ayant acc\u00e8s au Site<\/p>\n\n\n\n<p>L\u2019\u00c9diteur se r\u00e9serve le droit de mettre \u00e0 jour et modifier ce document lorsque c\u2019est n\u00e9cessaire. Le droit applicable est le droit fran\u00e7ais.<\/p>\n\n\n\n<ol class=\"wp-block-list\">\n<li><strong>\u00c9diteur du Site<\/strong><\/li>\n<\/ol>\n\n\n\n<p>Le Site est \u00e9dit\u00e9 et exploit\u00e9 par TANG-PO Melinda, entrepreneur individuel, domicili\u00e9 au 9 All\u00e9e d\u2019Anjou 93330 Neuilly sur Marne et ayant pour num\u00e9ro SIRET 95288736200012.&nbsp;<\/p>\n\n\n\n<p>L\u2019\u00c9diteur peut \u00eatre contact\u00e9 aux coordonn\u00e9es suivantes :&nbsp;<\/p>\n\n\n\n<p>Email : contact.deessa@gmail.com<\/p>\n\n\n\n<p>T\u00e9l\u00e9phone : 0640991457<\/p>\n\n\n\n<p>Adresse : 9 All\u00e9e d\u2019Anjou 93330 Neuilly sur Marne<\/p>\n\n\n\n<ol start=\"2\" class=\"wp-block-list\">\n<li><strong>Directeur de la publication<\/strong><\/li>\n<\/ol>\n\n\n\n<p>Le Directeur de la publication est&nbsp; Madame TANG-PO Melinda, domicili\u00e9(e) \u00e0 9 All\u00e9e d\u2019Anjou 93330 Neuilly sur Marne<\/p>\n\n\n\n<p>Le Directeur de la publication peut \u00eatre contact\u00e9 aux coordonn\u00e9es suivantes :&nbsp;<\/p>\n\n\n\n<p>Email : contact.deessa@gmail.com<\/p>\n\n\n\n<p>T\u00e9l\u00e9phone : 0640991457<\/p>\n\n\n\n<p>Adresse : 9 All\u00e9e d\u2019Anjou 93330 Neuilly sur Marne<\/p>\n\n\n\n<ol start=\"3\" class=\"wp-block-list\">\n<li><strong>H\u00e9bergeur du Site<\/strong><\/li>\n<\/ol>\n\n\n\n<p>L\u2019H\u00e9bergeur est la soci\u00e9t\u00e9 LWS et est domicili\u00e9e \u00e0 10 rue Penthi\u00e8vre 75008 Paris.<\/p>\n\n\n\n<p>L\u2019H\u00e9bergeur peut \u00eatre contact\u00e9 aux coordonn\u00e9es suivantes :&nbsp;<\/p>\n\n\n\n<p>T\u00e9l\u00e9phone : +33177623003<\/p>\n\n\n\n<p>Adresse : 10 rue Penthi\u00e8vre 75008 Paris<\/p>\n\n\n\n<ol start=\"4\" class=\"wp-block-list\">\n<li><strong>Acc\u00e8s au Site<\/strong><\/li>\n<\/ol>\n\n\n\n<p>En dehors des p\u00e9riodes de mise \u00e0 jour, le Site est accessible 24 heures sur 24, 7 jours sur 7 et permet \u00e0 tout Utilisateur de prendre connaissance des diff\u00e9rents services et produits propos\u00e9s par l\u2019\u00c9diteur, en tant que cr\u00e9ation, fabrication et vente de v\u00eatements<\/p>\n\n\n\n<p>L\u2019\u00c9diteur se r\u00e9serve le droit d\u2019inclure des liens hypertextes dans son contenu. Il n\u2019est aucunement responsable du contenu de ces liens ou de leurs \u00e9ventuels dysfonctionnements, mais il y reste tr\u00e8s vigilant.<\/p>\n\n\n\n<p>Lorsque des tiers utilisent des liens hypertextes renvoyant vers tout ou partie de son Site, l\u2019\u00c9diteur peut en demander la suppression s\u2019il estime que ces liens sont contraires au but recherch\u00e9 par le Site, \u00e0 sa ligne \u00e9ditoriale ou aux bonnes m\u0153urs.<\/p>\n\n\n\n<ol start=\"5\" class=\"wp-block-list\">\n<li><strong>Responsabilit\u00e9s<\/strong><\/li>\n<\/ol>\n\n\n\n<p>L\u2019\u00c9diteur met tous les moyens en \u0153uvre pour garantir un contenu exact et exempt\u00e9 de faute. Il se r\u00e9serve le droit d\u2019effectuer toutes les modifications n\u00e9cessaires pour r\u00e9pondre \u00e0 cette obligation :<\/p>\n\n\n\n<ul class=\"wp-block-list\">\n<li>Suspendre, interrompre ou limiter l\u2019acc\u00e8s \u00e0 tout ou partie du Site de mani\u00e8re temporaire,<\/li>\n\n\n\n<li>Supprimer toute information qu\u2019il juge erron\u00e9e,<\/li>\n\n\n\n<li>Suspendre le Site pour proc\u00e9der \u00e0 des mises \u00e0 jour.<\/li>\n<\/ul>\n\n\n\n<p>Par cons\u00e9quent, sa responsabilit\u00e9 ne peut \u00eatre engag\u00e9e lors d\u2019\u00e9v\u00e9nements ne r\u00e9sultant pas de son fait :<\/p>\n\n\n\n<ul class=\"wp-block-list\">\n<li>D\u00e9faillance, panne ou interruption de fonctionnement emp\u00eachant l\u2019acc\u00e8s au Site,<\/li>\n\n\n\n<li>Dysfonctionnement ou incompatibilit\u00e9 du serveur ou du terminal de l\u2019Utilisateur avec le Site,<\/li>\n\n\n\n<li>Non-respect de l\u2019Utilisateur de ses obligations de navigation,<\/li>\n\n\n\n<li>Dysfonctionnement temporaire de liens hypertextes qu\u2019il utilise ou des diverses fonctionnalit\u00e9s pr\u00e9sentes sur le Site.<\/li>\n<\/ul>\n\n\n\n<p>De son c\u00f4t\u00e9, l\u2019Utilisateur s\u2019engage \u00e0 effectuer une utilisation conforme du Site et respecter les r\u00e9glementations en vigueur. Il reste seul responsable de sa navigation et de l\u2019utilisation du Site. Il doit s&rsquo;assurer d&rsquo;avoir le mat\u00e9riel et la connexion n\u00e9cessaire pour acc\u00e9der au Site.<\/p>\n\n\n\n<ol start=\"6\" class=\"wp-block-list\">\n<li><strong>Propri\u00e9t\u00e9 intellectuelle<\/strong><\/li>\n<\/ol>\n\n\n\n<p>Le pr\u00e9sent Site est la propri\u00e9t\u00e9 de l\u2019\u00c9diteur.<\/p>\n\n\n\n<p>Toutes les photographies, illustrations, images anim\u00e9es, vid\u00e9os, marque, identit\u00e9 visuelle, articles r\u00e9dig\u00e9s et plus g\u00e9n\u00e9ralement tout contenu figurant sur le Site sont prot\u00e9g\u00e9s par les droits de propri\u00e9t\u00e9 intellectuelle de l\u2019\u00c9diteur.<\/p>\n\n\n\n<p>Ainsi, toute reproduction, repr\u00e9sentation, utilisation ou adaptation, sous quelque forme que ce soit, de tout ou partie de ces \u00e9l\u00e9ments, sans l\u2019accord pr\u00e9alable et \u00e9crit de l\u2019\u00c9diteur sont strictement interdites.<\/p>\n\n\n\n<p>D\u0113ssa est une marque d\u00e9pos\u00e9e d\u00e9tenue par TANG-PO Melinda. Celui-ci\/Celle-ci se r\u00e9serve le droit d\u2019intenter toute action en justice lui permettant de d\u00e9fendre sa marque.<\/p>\n\n\n\n<ol start=\"7\" class=\"wp-block-list\">\n<li><strong>Donn\u00e9es personnelles et cookies<\/strong><\/li>\n<\/ol>\n\n\n\n<p>Le recueil et le traitement des Donn\u00e9es personnelles est effectu\u00e9 par l\u2019\u00c9diteur, en sa qualit\u00e9 de responsable de traitement. Ce traitement est conforme aux r\u00e9glementations fran\u00e7aises et europ\u00e9ennes s\u2019agissant des donn\u00e9es personnelles. Les modalit\u00e9s de traitement et conservation des donn\u00e9es ainsi que les diff\u00e9rents droits que poss\u00e8de l\u2019Utilisateur sont d\u00e9taill\u00e9s dans la Politique de confidentialit\u00e9 du Site : <a href=\"https:\/\/dessa.online\/index.php\/politique-de-confidentialite-2\/\">Politique de confidentialit\u00e9 | Dessa<\/a><\/p>\n\n\n\n<p>Des Cookies sont utilis\u00e9s sur le Site dans le souci de son bon fonctionnement ainsi que pour l\u2019analyse du trafic. En naviguant sur le Site, l\u2019Utilisateur a la possibilit\u00e9 de renoncer \u00e0 l\u2019utilisation de Cookies autres qu\u2019essentiels et peut \u00e0 tout moment en d\u00e9sactiver la collecte via son terminal de navigation. Un bandeau cookie informe l\u2019Utilisateur des Cookies pr\u00e9sents sur le site et celui-ci peut les d\u00e9sactiver via son terminal informatique. Plus de pr\u00e9cisions sont contenues dans la Politique de confidentialit\u00e9 du Site : <a href=\"https:\/\/dessa.online\/index.php\/politique-de-confidentialite-2\/\">Politique de confidentialit\u00e9 | Dessa<\/a><\/p>\n\n\n\n<p><em>Ce mod\u00e8le a \u00e9t\u00e9 r\u00e9dig\u00e9 par <\/em><a href=\"https:\/\/lajuriste20.fr\/\"><em>La Juriste 2.0.<\/em><\/a><\/p>\n","protected":false},"excerpt":{"rendered":"<p>MENTIONS L\u00c9GALES Derni\u00e8re mise \u00e0 jour : 15\/04\/2026 Pr\u00e9ambule et d\u00e9finitions Ces mentions l\u00e9gales sont port\u00e9es \u00e0 la connaissance de tout Utilisateur, conform\u00e9ment&nbsp; aux dispositions de la Loi n\u00b02004-575 du 21 juin 2004 pour la Confiance dans l\u2019\u00e9conomie num\u00e9rique (LCEN). Elles sont publi\u00e9es sur le site internet : www.dessa.online et sont accessibles \u00e0 tout moment [&hellip;]<\/p>\n","protected":false},"author":1,"featured_media":0,"parent":0,"menu_order":0,"comment_status":"closed","ping_status":"closed","template":"","meta":{"_et_pb_use_builder":"off","_et_pb_old_content":"","_et_gb_content_width":"","footnotes":""},"class_list":["post-1247","page","type-page","status-publish","hentry"],"_links":{"self":[{"href":"https:\/\/dessa.online\/index.php\/wp-json\/wp\/v2\/pages\/1247","targetHints":{"allow":["GET"]}}],"collection":[{"href":"https:\/\/dessa.online\/index.php\/wp-json\/wp\/v2\/pages"}],"about":[{"href":"https:\/\/dessa.online\/index.php\/wp-json\/wp\/v2\/types\/page"}],"author":[{"embeddable":true,"href":"https:\/\/dessa.online\/index.php\/wp-json\/wp\/v2\/users\/1"}],"replies":[{"embeddable":true,"href":"https:\/\/dessa.online\/index.php\/wp-json\/wp\/v2\/comments?post=1247"}],"version-history":[{"count":4,"href":"https:\/\/dessa.online\/index.php\/wp-json\/wp\/v2\/pages\/1247\/revisions"}],"predecessor-version":[{"id":1260,"href":"https:\/\/dessa.online\/index.php\/wp-json\/wp\/v2\/pages\/1247\/revisions\/1260"}],"wp:attachment":[{"href":"https:\/\/dessa.online\/index.php\/wp-json\/wp\/v2\/media?parent=1247"}],"curies":[{"name":"wp","href":"https:\/\/api.w.org\/{rel}","templated":true}]}}